{"id":883,"date":"2021-06-09T12:53:05","date_gmt":"2021-06-09T12:53:05","guid":{"rendered":"https:\/\/hegyvidekiparkolas.hu\/?page_id=883"},"modified":"2025-01-31T16:07:06","modified_gmt":"2025-01-31T14:07:06","slug":"normafa","status":"publish","type":"page","link":"https:\/\/hegyvidekiparkolas.hu\/?page_id=883","title":{"rendered":"Normafa &#8211; parkol\u00f3"},"content":{"rendered":"<h2><\/h2>\n<hr \/>\n<p style=\"text-align: center;\">A parkol\u00f3kban (Normafa I. \u00e9s Normafa II.) a v\u00e1rakoz\u00e1s\u00e9rt <strong>h\u00e9tv\u00e9g\u00e9n<\/strong> \u00e9s <strong>munkasz\u00fcneti napon 08:00<\/strong> \u00e9s <strong>20:00<\/strong> \u00f3ra k\u00f6z\u00f6tt <strong>parkol\u00e1si d\u00edjat kell fizetni<\/strong>. A parkol\u00e1si d\u00edj \u00f6sszege \u00f3r\u00e1nk\u00e9nt 440 Ft.<\/p>\n<ul>\n<li><strong>Normafa I.<\/strong> ter\u00fclete: E\u00f6tv\u00f6s \u00fat (kor\u00e1bbi nev\u00e9n Konkoly Thege Mikl\u00f3s \u00fat)<\/li>\n<li><strong>Normafa II.<\/strong> ter\u00fclete: E\u00f6tv\u00f6s \u00fat \u2013 Hegyh\u00e1t \u00fat tal\u00e1lkoz\u00e1s\u00e1n\u00e1l (a CBA mellett) indul\u00f3 aszfaltos parkol\u00f3<br \/>\n<hr \/>\n<p><iframe loading=\"lazy\" title=\"My file\" src=\"\/zona_normafa\/\" width=\"100%\" height=\"500px\"><\/iframe><\/p>\n<hr \/>\n<\/li>\n<li style=\"text-align: left;\">A parkol\u00f3 ter\u00fclet\u00e9re 3500 kg \u00f6sszt\u00f6meget meghalad\u00f3, vagy forgalmi rendsz\u00e1mmal nem rendelkez\u0151 g\u00e9pj\u00e1rm\u0171vel behajtani \u00e9s ott v\u00e1rakozni tilos. A Normafa I. \u00e9s Normafa II. parkol\u00f3ban j\u00e1rm\u0171vel jogszer\u0171en v\u00e1rakozni a fizet\u0151 id\u0151szakban kiz\u00e1r\u00f3lag \u00e9rv\u00e9nyes, <strong>parkol\u00e1sra jogos\u00edt\u00f3 szelv\u00e9ny<\/strong> <strong>vagy mobiltelefonon v\u00e1s\u00e1rolt jegy<\/strong> birtok\u00e1ban lehets\u00e9ges az azon felt\u00fcntetett ideig.<\/li>\n<li>\n<hr \/>\n<p>A Normafa I. \u00e9s Normafa II. parkol\u00f3ban t\u00f6rt\u00e9n\u0151 v\u00e1rakoz\u00e1s eset\u00e9n a <strong><span style=\"color: #99cc00;\">z\u00f6ld alapsz\u00edn\u0171<\/span> rendsz\u00e1mmal rendelkez\u0151 g\u00e9pkocsik<\/strong>, valamint a <strong>motorker\u00e9kp\u00e1rok<\/strong> ut\u00e1n <strong>parkol\u00e1si d\u00edjat kell fizetni<\/strong>. Motorker\u00e9kp\u00e1rral t\u00f6rt\u00e9n\u0151 v\u00e1rakoz\u00e1s eset\u00e9n a d\u00edjfizet\u00e9s kiz\u00e1r\u00f3lag mobilfizet\u00e9s \u00fatj\u00e1n lehets\u00e9ges.<\/p>\n<hr \/>\n<\/li>\n<li>A XII. ker\u00fcletben \u00e1lland\u00f3 bejelentett lakc\u00edmmel vagy tart\u00f3zkod\u00e1si hellyel rendelkez\u0151 szem\u00e9lyek r\u00e9sz\u00e9re a Hegyvid\u00e9ki \u00d6nkorm\u00e1nyzat 50% kedvezm\u00e9nyt biztos\u00edt a parkol\u00e1si d\u00edjb\u00f3l. A kedvezm\u00e9nyre jogosult ker\u00fcleti polg\u00e1rok sz\u00e1m\u00e1ra\u00a0<a href=\"https:\/\/hegyvidek.hu\/ugyintezes\/parkolasi-engedely\/kedvezmenyes-parkolas-a-normafan\"><strong>el\u0151zetes regisztr\u00e1ci\u00f3t<\/strong><\/a> k\u00f6vet\u0151en, a parkol\u00e1si d\u00edj \u00f3r\u00e1nk\u00e9nt 220 Ft.<\/li>\n<li><strong>A kedvezm\u00e9nyes Normafa parkol\u00e1s kiz\u00e1r\u00f3lag <u>mobilfizet\u00e9ssel (mobiltelefonon)<\/u> v\u00e1s\u00e1rolt jeggyel vehet\u0151 ig\u00e9nybe\u00a0a<\/strong> <strong>regisztr\u00e1ci\u00f3t k\u00f6vet\u0151 els\u0151 munkanapt\u00f3l!<\/strong><\/li>\n<li>Fontos megjegyezni, hogy a jelen \u00c1SZF-ben szab\u00e1lyozott jogviszonyra Budapest F\u0151v\u00e1ros K\u00f6zgy\u0171l\u00e9s\u00e9nek Budapest f\u0151v\u00e1ros k\u00f6zigazgat\u00e1si ter\u00fclet\u00e9n a j\u00e1rm\u0171vel v\u00e1rakoz\u00e1s rendj\u00e9nek egys\u00e9ges kialak\u00edt\u00e1s\u00e1r\u00f3l, a v\u00e1rakoz\u00e1s d\u00edj\u00e1r\u00f3l \u00e9s az \u00fczemk\u00e9ptelen j\u00e1rm\u0171vek t\u00e1rol\u00e1s\u00e1nak szab\u00e1lyoz\u00e1s\u00e1r\u00f3l sz\u00f3l\u00f3 <strong>30\/2010. (VI. 4.) \u00f6nkorm\u00e1nyzati rendelet\u00e9nek t\u00e1rgyi hat\u00e1lya nem terjed ki, figyelemmel arra, hogy a Normafa parkol\u00f3 ter\u00fclete, nem min\u0151s\u00fcl v\u00e1rakoz\u00e1si \u00f6vezetnek<\/strong>.<\/li>\n<\/ul>\n<p>&nbsp;<\/p>\n<hr \/>\n<p style=\"text-align: center;\">A parkol\u00e1sra vonatkoz\u00f3 <a href=\"https:\/\/hegyvidekiparkolas.hu\/wp-content\/uploads\/2021\/06\/normafa_parkolo_aszf.pdf\"><strong>\u00c1ltal\u00e1nos Szerz\u0151d\u00e9si Felt\u00e9telek<\/strong><\/a> teljes sz\u00f6vege.<\/p>\n<p style=\"text-align: center;\">A ter\u00fcletre vonatkoz\u00f3 119\/20121 (VI.3.) Bp. F\u0151v. XII. ker. Hegyvid\u00e9ki \u00d6nk. <a href=\"https:\/\/hegyvidek.hu\/download.php?docID=78999\" target=\"_blank\" rel=\"noopener\"><strong>Polg\u00e1rmesteri Hat\u00e1rozat<\/strong><\/a><\/p>\n<hr \/>\n<h3 style=\"text-align: center;\"><strong>Parkol\u00e1si d\u00edj fizet\u00e9se a Normaf\u00e1n mobiltelefonnal<\/strong><\/h3>\n<table border=\"0\" width=\"100%\" cellspacing=\"0\" cellpadding=\"0\">\n<thead>\n<tr>\n<td style=\"text-align: center;\" width=\"20%\"><strong>VISZONTELAD\u00d3<\/strong><\/td>\n<td style=\"text-align: center;\" width=\"34%\"><strong>SMS START \/ SMS STOP<\/strong><\/td>\n<td style=\"text-align: center;\" width=\"20%\"><strong>H\u00cdV\u00d3SZ\u00c1MOK<\/strong><\/td>\n<td style=\"text-align: center;\" width=\"20%\"><strong>\u00dcGYF\u00c9LSZOLG\u00c1LAT<\/strong><\/td>\n<td style=\"text-align: center;\" width=\"6%\"><strong>APP<\/strong><\/td>\n<\/tr>\n<\/thead>\n<tbody>\n<tr>\n<td>Nemzeti Mobilfizet\u00e9si Zrt.<\/td>\n<td>+36 30 344 4805 \/ +36 30 344 4806<\/td>\n<td>+36 1 989 <strong>3127<\/strong><\/td>\n<td>+36 36 889 889<\/td>\n<td>IGEN<\/td>\n<\/tr>\n<tr>\n<td><\/td>\n<td><\/td>\n<td><\/td>\n<td><\/td>\n<td><\/td>\n<\/tr>\n<tr>\n<td>YETTEL<\/td>\n<td>+36 20 763 <strong>3127<\/strong><\/td>\n<td>+36 20 763 <strong>3127<\/strong><\/td>\n<td>1220<\/td>\n<td>IGEN<\/td>\n<\/tr>\n<tr>\n<td>TELEKOM<\/td>\n<td>+36 30 763 <strong>3127<\/strong><\/td>\n<td>+36 30 763 <strong>3127<\/strong><\/td>\n<td>1414<\/td>\n<td>IGEN<\/td>\n<\/tr>\n<tr>\n<td>VODAFONE<\/td>\n<td>+36 70 763 <strong>3127<\/strong><\/td>\n<td>&#8211;<\/td>\n<td>1270<\/td>\n<td>IGEN<\/td>\n<\/tr>\n<\/tbody>\n<\/table>\n<p style=\"text-align: center;\"><span style=\"color: #99cc00;\"><strong>A kiemelt <span style=\"color: #000000;\">3127<\/span>-es mobilparkol\u00e1si z\u00f3nak\u00f3d, csak a Normafa ter\u00fclet\u00e9n \u00e9rv\u00e9nyes!<\/strong><\/span><\/p>\n<p style=\"text-align: center;\">Tov\u00e1bbi r\u00e9szletes t\u00e1j\u00e9koztat\u00e1s <a href=\"https:\/\/nmzrt.hu\/szolgaltatasok\/parkolas\/parkolas.html\"><strong>ITT<\/strong><\/a> tal\u00e1l, illetve az el\u00e9rhet\u0151 applik\u00e1ci\u00f3k list\u00e1ja <a href=\"https:\/\/nemzetimobilfizetes.hu\/applikaciok\"><strong>ezen a linken<\/strong><\/a> el\u00e9rhet\u0151.<\/p>\n","protected":false},"excerpt":{"rendered":"<p>A&#46;&#46;&#46;<\/p>\n","protected":false},"author":1,"featured_media":0,"parent":0,"menu_order":0,"comment_status":"closed","ping_status":"closed","template":"","meta":{"_monsterinsights_skip_tracking":false,"_monsterinsights_sitenote_active":false,"_monsterinsights_sitenote_note":"","_monsterinsights_sitenote_category":0,"footnotes":""},"class_list":["post-883","page","type-page","status-publish","hentry"],"aioseo_notices":[],"_links":{"self":[{"href":"https:\/\/hegyvidekiparkolas.hu\/index.php?rest_route=\/wp\/v2\/pages\/883","targetHints":{"allow":["GET"]}}],"collection":[{"href":"https:\/\/hegyvidekiparkolas.hu\/index.php?rest_route=\/wp\/v2\/pages"}],"about":[{"href":"https:\/\/hegyvidekiparkolas.hu\/index.php?rest_route=\/wp\/v2\/types\/page"}],"author":[{"embeddable":true,"href":"https:\/\/hegyvidekiparkolas.hu\/index.php?rest_route=\/wp\/v2\/users\/1"}],"replies":[{"embeddable":true,"href":"https:\/\/hegyvidekiparkolas.hu\/index.php?rest_route=%2Fwp%2Fv2%2Fcomments&post=883"}],"version-history":[{"count":53,"href":"https:\/\/hegyvidekiparkolas.hu\/index.php?rest_route=\/wp\/v2\/pages\/883\/revisions"}],"predecessor-version":[{"id":2321,"href":"https:\/\/hegyvidekiparkolas.hu\/index.php?rest_route=\/wp\/v2\/pages\/883\/revisions\/2321"}],"wp:attachment":[{"href":"https:\/\/hegyvidekiparkolas.hu\/index.php?rest_route=%2Fwp%2Fv2%2Fmedia&parent=883"}],"curies":[{"name":"wp","href":"https:\/\/api.w.org\/{rel}","templated":true}]}}