{"id":815,"date":"2020-06-22T11:32:35","date_gmt":"2020-06-22T11:32:35","guid":{"rendered":"https:\/\/hegyvidekiparkolas.hu\/?page_id=815"},"modified":"2020-06-22T11:32:35","modified_gmt":"2020-06-22T11:32:35","slug":"karbantarto","status":"publish","type":"page","link":"https:\/\/hegyvidekiparkolas.hu\/?page_id=815","title":{"rendered":"Karbantart\u00f3"},"content":{"rendered":"<p><strong><span style=\"color: #339966;\">KARBANTART\u00d3<\/span> \u00a0(Budapest XII. ker\u00fclet)<\/strong><\/p>\n<p>C\u00e9g: F\u00c1BER Kft.<br \/>\nV\u00e1ros: Budapest, XII. ker\u00fclet B\u00f6sz\u00f6rm\u00e9nyi \u00fat 20-22.<br \/>\nFoglalkoz\u00e1s: hat\u00e1rozatlan idej\u0171 munkaviszony teljes munkaid\u0151<br \/>\nJelentkez\u00e9s: \u00d6n\u00e9letrajz<br \/>\nEmail: <a href=\"mailto:muller.robert@faberkft.hu\">muller.robert@faberkft.hu<\/a><\/p>\n<p><u><br \/>\nAz \u00e1ll\u00e1s le\u00edr\u00e1sa:<\/u><\/p>\n<p><strong>\u00c1ltal\u00e1nos karbantart\u00f3 (XII. ker\u00fclet), <\/strong><\/p>\n<p><strong>\u00c1ltal\u00e1nos feladatle\u00edr\u00e1s:<\/strong><\/p>\n<p>A Budapest XII. ker\u00fclet Hegyvid\u00e9ki \u00d6nkorm\u00e1nyzat tulajdon\u00e1ban \u00e1ll\u00f3 \u00e9s a F\u00c1BER Kft. \u00e1ltal \u00fczemeltetett int\u00e9zm\u00e9nyek \u00e1ltal\u00e1nos \u00e9p\u00fcletkarbantart\u00f3i \u00e9s \u00e9p\u00fcletgondnoki feladatainak ell\u00e1t\u00e1sa, \u00e1ltal\u00e1nos munkarendben.<\/p>\n<p><strong>R\u00e9szletes feladatle\u00edr\u00e1s<\/strong>:<\/p>\n<ul>\n<li>\u00e1ltal\u00e1nos karbantart\u00f3i, gondnoki feladatok v\u00e9gz\u00e9se \u00e9p\u00fcleten bel\u00fcl \u00e9s k\u00edv\u00fcl,<\/li>\n<li>seg\u00edts\u00e9gny\u00fajt\u00e1s a szak\u00e1gi karbantart\u00e1sokhoz \u00e9s m\u00e9rn\u00f6ki munk\u00e1khoz,<\/li>\n<li>\u00a0k\u00fcls\u0151 szakc\u00e9gek munkav\u00e9gz\u00e9s\u00e9nek fel\u00fcgyelete,<\/li>\n<li>r\u00e9szv\u00e9tel hiba- \u00e9s \u00fczemzavar elh\u00e1r\u00edt\u00e1si feladatokban,<\/li>\n<li>r\u00e9szv\u00e9tel tervszer\u0171 megel\u0151z\u0151 karbantart\u00e1si feladatokban.<\/li>\n<\/ul>\n<p><strong>Iskolai v\u00e9gzetts\u00e9g:<\/strong><\/p>\n<ul>\n<li>el\u0151ny a k\u00f6z\u00e9pfok\u00fa villanyszerel\u0151 \u00e9s\/vagy g\u00e9p\u00e9sz \u00e9s\/vagy cs\u0151szerel\u0151 v\u00e9gzetts\u00e9g.<\/li>\n<\/ul>\n<p><strong>Elv\u00e1rt k\u00e9szs\u00e9gek:<\/strong><\/p>\n<ul>\n<li>k\u00e9pess\u00e9g a tervszer\u0171, valamint az el\u0151\u00edr\u00e1sok, szakmai protokollok szerinti munkav\u00e9gz\u00e9sre,<\/li>\n<li>\u00a0k\u00e9pess\u00e9g havaria helyzetek, \u00fczemzavarok felismer\u00e9s\u00e9re \u00e9s kezel\u00e9s\u00e9re,<\/li>\n<li>prec\u00edz, pontos munkav\u00e9gz\u00e9s,<\/li>\n<li>j\u00f3 kommunik\u00e1ci\u00f3s k\u00e9szs\u00e9g,<\/li>\n<li>\u00f6n\u00e1ll\u00f3s\u00e1g.<\/li>\n<\/ul>\n<p><strong>Amit k\u00edn\u00e1lunk:<\/strong><\/p>\n<ul>\n<li>Stabil \u00e9s hossz\u00fat\u00e1v\u00fa munkalehet\u0151s\u00e9g egy biztos alapokon \u00e1ll\u00f3 v\u00e1llalatn\u00e1l<\/li>\n<li>versenyk\u00e9pes j\u00f6vedelem<\/li>\n<li>Cafet\u00e9ria<\/li>\n<li>Modern, tiszta munkak\u00f6rnyezet<\/li>\n<li>Azonnali munkakezd\u00e9si lehet\u0151s\u00e9g<\/li>\n<\/ul>\n","protected":false},"excerpt":{"rendered":"<p>KARBANTART\u00d3&#46;&#46;&#46;<\/p>\n","protected":false},"author":1,"featured_media":0,"parent":0,"menu_order":0,"comment_status":"closed","ping_status":"closed","template":"","meta":{"_monsterinsights_skip_tracking":false,"_monsterinsights_sitenote_active":false,"_monsterinsights_sitenote_note":"","_monsterinsights_sitenote_category":0,"footnotes":""},"class_list":["post-815","page","type-page","status-publish","hentry"],"aioseo_notices":[],"_links":{"self":[{"href":"https:\/\/hegyvidekiparkolas.hu\/index.php?rest_route=\/wp\/v2\/pages\/815","targetHints":{"allow":["GET"]}}],"collection":[{"href":"https:\/\/hegyvidekiparkolas.hu\/index.php?rest_route=\/wp\/v2\/pages"}],"about":[{"href":"https:\/\/hegyvidekiparkolas.hu\/index.php?rest_route=\/wp\/v2\/types\/page"}],"author":[{"embeddable":true,"href":"https:\/\/hegyvidekiparkolas.hu\/index.php?rest_route=\/wp\/v2\/users\/1"}],"replies":[{"embeddable":true,"href":"https:\/\/hegyvidekiparkolas.hu\/index.php?rest_route=%2Fwp%2Fv2%2Fcomments&post=815"}],"version-history":[{"count":1,"href":"https:\/\/hegyvidekiparkolas.hu\/index.php?rest_route=\/wp\/v2\/pages\/815\/revisions"}],"predecessor-version":[{"id":816,"href":"https:\/\/hegyvidekiparkolas.hu\/index.php?rest_route=\/wp\/v2\/pages\/815\/revisions\/816"}],"wp:attachment":[{"href":"https:\/\/hegyvidekiparkolas.hu\/index.php?rest_route=%2Fwp%2Fv2%2Fmedia&parent=815"}],"curies":[{"name":"wp","href":"https:\/\/api.w.org\/{rel}","templated":true}]}}