{"id":793,"date":"2020-06-17T14:43:31","date_gmt":"2020-06-17T14:43:31","guid":{"rendered":"https:\/\/hegyvidekiparkolas.hu\/?page_id=793"},"modified":"2026-02-26T14:02:28","modified_gmt":"2026-02-26T12:02:28","slug":"e-ugyintezes-3","status":"publish","type":"page","link":"https:\/\/hegyvidekiparkolas.hu\/?page_id=793","title":{"rendered":"<p style=\"color:#41d67f\";>\u00dcgyint\u00e9z\u00e9s<\/p>"},"content":{"rendered":"<div class=\"wpforms-container wpforms-container-full\" id=\"wpforms-681\"><form id=\"wpforms-form-681\" class=\"wpforms-validate wpforms-form\" data-formid=\"681\" method=\"post\" enctype=\"multipart\/form-data\" action=\"\/index.php?rest_route=%2Fwp%2Fv2%2Fpages%2F793\" data-token=\"5d119f7b6491784e47906ec843520a3f\" data-token-time=\"1775599074\"><noscript class=\"wpforms-error-noscript\">Please enable JavaScript in your browser to complete this form.<\/noscript><div class=\"wpforms-field-container\"><div id=\"wpforms-681-field_0-container\" class=\"wpforms-field wpforms-field-name wpforms-one-half wpforms-first\" data-field-id=\"0\"><label class=\"wpforms-field-label\" for=\"wpforms-681-field_0\">N\u00e9v:<\/label><input type=\"text\" id=\"wpforms-681-field_0\" class=\"wpforms-field-medium\" name=\"wpforms[fields][0]\" ><div class=\"wpforms-field-description\">K\u00e9rj\u00fck adja meg a nev\u00e9t.<\/div><\/div><div id=\"wpforms-681-field_1-container\" class=\"wpforms-field wpforms-field-email wpforms-one-half\" data-field-id=\"1\"><label class=\"wpforms-field-label\" for=\"wpforms-681-field_1\">E-mail: <span class=\"wpforms-required-label\">*<\/span><\/label><input type=\"email\" id=\"wpforms-681-field_1\" class=\"wpforms-field-medium wpforms-field-required\" name=\"wpforms[fields][1]\" placeholder=\"email@pelda.hu\" spellcheck=\"false\" required><div class=\"wpforms-field-description\">K\u00e9rj\u00fck adja meg email c\u00edm\u00e9t, amin v\u00e1laszolhatunk \u00d6nnek.<\/div><\/div><div id=\"wpforms-681-field_16-container\" class=\"wpforms-field wpforms-field-text wpforms-one-half wpforms-first\" data-field-id=\"16\"><label class=\"wpforms-field-label\" for=\"wpforms-681-field_16\">Rendsz\u00e1m: <span class=\"wpforms-required-label\">*<\/span><\/label><input type=\"text\" id=\"wpforms-681-field_16\" class=\"wpforms-field-medium wpforms-field-required\" name=\"wpforms[fields][16]\" placeholder=\"AABBC123, ABC123\" required><div class=\"wpforms-field-description\">K\u00e9rj\u00fck adja meg g\u00e9pkocsij\u00e1nak rendsz\u00e1m\u00e1t egybe\u00edrva.<\/div><\/div><div id=\"wpforms-681-field_17-container\" class=\"wpforms-field wpforms-field-text wpforms-one-half\" data-field-id=\"17\"><label class=\"wpforms-field-label\" for=\"wpforms-681-field_17\">Befizet\u0151 azonos\u00edt\u00f3: <span class=\"wpforms-required-label\">*<\/span><\/label><input type=\"text\" id=\"wpforms-681-field_17\" class=\"wpforms-field-medium wpforms-field-required wpforms-limit-characters-enabled\" data-form-id=\"681\" data-field-id=\"17\" data-text-limit=\"11\" name=\"wpforms[fields][17]\" placeholder=\"2121XXXXXX\" maxlength=\"11\" required><div class=\"wpforms-field-description\">K\u00e9rj\u00fck adja meg fizet\u00e9si felsz\u00f3l\u00edt\u00e1son szerepl\u0151 befizet\u0151 azonos\u00edt\u00f3 sz\u00e1mot!<\/div><\/div><div id=\"wpforms-681-field_19-container\" class=\"wpforms-field wpforms-field-text\" data-field-id=\"19\"><label class=\"wpforms-field-label\" for=\"wpforms-681-field_19\">ID azonos\u00edt\u00f3 sz\u00e1m:<\/label><input type=\"text\" id=\"wpforms-681-field_19\" class=\"wpforms-field-large wpforms-limit-characters-enabled\" data-form-id=\"681\" data-field-id=\"19\" data-text-limit=\"10\" name=\"wpforms[fields][19]\" placeholder=\"ID:\" maxlength=\"10\" ><div class=\"wpforms-field-description\">ID azonos\u00edt\u00f3: Mobilfizet\u00e9s sor\u00e1n a visszaigazol\u00f3 SMS \u00fczenet tartalmazza ezt a 10 jegy\u0171 sz\u00e1mot. Amennyiben nem rendelkezik visszaigazol\u00f3 \u00fczenettel mely tartalmazza az ID sz\u00e1mot, \u00fagy t\u00e9nyleges mobilfizet\u00e9s nem t\u00f6rt\u00e9nt. (P\u00e9lda: ID: AOXQE75IY7)<\/div><\/div><div id=\"wpforms-681-field_26-container\" class=\"wpforms-field wpforms-field-select wpforms-field-select-style-classic\" data-field-id=\"26\"><label class=\"wpforms-field-label\" for=\"wpforms-681-field_26\">T\u00e1rgy: <span class=\"wpforms-required-label\">*<\/span><\/label><select id=\"wpforms-681-field_26\" class=\"wpforms-field-medium wpforms-field-required\" name=\"wpforms[fields][26]\" required=\"required\"><option value=\"\" class=\"placeholder\" disabled  selected='selected'>K\u00e9rj\u00fck v\u00e1lasszon a felsorolt lehet\u0151s\u00e9gek k\u00f6z\u00fcl.<\/option><option value=\"Mobilparkol\u00e1s (SMS, applik\u00e1ci\u00f3)\"  class=\"choice-1 depth-1\"  >Mobilparkol\u00e1s (SMS, applik\u00e1ci\u00f3)<\/option><option value=\"Jegyv\u00e1s\u00e1rl\u00e1s (pap\u00edr alap\u00fa jegy)\"  class=\"choice-2 depth-1\"  >Jegyv\u00e1s\u00e1rl\u00e1s (pap\u00edr alap\u00fa jegy)<\/option><option value=\"V\u00e1rakoz\u00e1si hozz\u00e1j\u00e1rul\u00e1s (lakoss\u00e1gi, iskolai, \u00f3vodai)\"  class=\"choice-6 depth-1\"  >V\u00e1rakoz\u00e1si hozz\u00e1j\u00e1rul\u00e1s (lakoss\u00e1gi, iskolai, \u00f3vodai)<\/option><option value=\"Mozg\u00e1skorl\u00e1tozott\"  class=\"choice-5 depth-1\"  >Mozg\u00e1skorl\u00e1tozott<\/option><option value=\"Automata hiba\"  class=\"choice-3 depth-1\"  >Automata hiba<\/option><option value=\"Egy\u00e9b\"  class=\"choice-4 depth-1\"  >Egy\u00e9b<\/option><\/select><\/div><div id=\"wpforms-681-field_4-container\" class=\"wpforms-field wpforms-field-textarea\" data-field-id=\"4\"><label class=\"wpforms-field-label\" for=\"wpforms-681-field_4\">\u00dczenete: <span class=\"wpforms-required-label\">*<\/span><\/label><textarea id=\"wpforms-681-field_4\" class=\"wpforms-field-medium wpforms-field-required\" name=\"wpforms[fields][4]\" required><\/textarea><\/div><div id=\"wpforms-681-field_24-container\" class=\"wpforms-field wpforms-field-upwpforms_file_upload\" data-field-id=\"24\"><label class=\"wpforms-field-label\" for=\"wpforms-681-field_24\">Csatolm\u00e1ny:<\/label>        <div class=\"upwpforms-uploader upwpforms-file-upload\"\n             data-max-size=\"5 MB\"\n             data-max-files=\"4\"\n             data-max-post-size=\"50 MB\"\n             data-extensions=\"pdf,jpg,jpeg,doc,docx,png\"\n             data-media-library=\"\"\n             data-field-id=\"24\"\n             data-form-id=\"681\"\n        >\n            <div class=\"upwpforms-uploader-body\">\n                <span class=\"uploader-text\">H\u00fazza ide a felt\u00f6ltend\u0151 f\u00e1jlokat vagy, <\/span>\n\n                <div class=\"uploader-buttons\">\n                    <button type=\"button\" class=\"upwpforms-uploader-browse\">\n                        <span><i class=\"fa-solid fa-paperclip\"><\/i><\/span>\n                    <\/button>\n                <\/div>\n\n            <\/div>\n\n            <div class=\"file-list\"><\/div>\n\n            <div class=\"uploader-hint\">\n                <span class=\"max-files-label \">Felt\u00f6lthet\u0151 f\u00e1jlok (pdf, png, jpg, jpeg, doc, docx) sz\u00e1ma <span class=\"number\">4<\/span> db.<\/span>\n                <span class=\"max-size-label \">Max. m\u00e9rete: <span class=\"size\">5 MB<\/span><\/span>\n            <\/div>\n        <\/div>\n\t\t<input type=\"text\" style=\"position:absolute!important;clip:rect(0,0,0,0)!important;height:1px!important;width:1px!important;border:0!important;overflow:hidden!important;padding:0!important;margin:0!important;\" name=\"wpforms[fields][24]\" id=\"wpforms-681-field_24\" class=\"upload-file-list\" ><\/div><\/div><!-- .wpforms-field-container --><div class=\"wpforms-field wpforms-field-hp\"><label for=\"wpforms-681-field-hp\" class=\"wpforms-field-label\">Email<\/label><input type=\"text\" name=\"wpforms[hp]\" id=\"wpforms-681-field-hp\" class=\"wpforms-field-medium\"><\/div><div class=\"wpforms-submit-container\" ><input type=\"hidden\" name=\"wpforms[id]\" value=\"681\"><input type=\"hidden\" name=\"page_title\" value=\"\"><input type=\"hidden\" name=\"page_url\" value=\"https:\/\/hegyvidekiparkolas.hu\/index.php?rest_route=\/wp\/v2\/pages\/793\"><input type=\"hidden\" name=\"url_referer\" value=\"\"><button type=\"submit\" name=\"wpforms[submit]\" id=\"wpforms-submit-681\" class=\"wpforms-submit\" data-alt-text=\"K\u00fcld\u00e9s...\" data-submit-text=\"\u00dczenet k\u00fcld\u00e9se\" aria-live=\"assertive\" value=\"wpforms-submit\">\u00dczenet k\u00fcld\u00e9se<\/button><\/div><\/form><\/div>  <!-- .wpforms-container -->\n","protected":false},"excerpt":{"rendered":"","protected":false},"author":1,"featured_media":0,"parent":0,"menu_order":0,"comment_status":"closed","ping_status":"closed","template":"","meta":{"_monsterinsights_skip_tracking":false,"_monsterinsights_sitenote_active":false,"_monsterinsights_sitenote_note":"","_monsterinsights_sitenote_category":0,"footnotes":""},"class_list":["post-793","page","type-page","status-publish","hentry"],"aioseo_notices":[],"_links":{"self":[{"href":"https:\/\/hegyvidekiparkolas.hu\/index.php?rest_route=\/wp\/v2\/pages\/793","targetHints":{"allow":["GET"]}}],"collection":[{"href":"https:\/\/hegyvidekiparkolas.hu\/index.php?rest_route=\/wp\/v2\/pages"}],"about":[{"href":"https:\/\/hegyvidekiparkolas.hu\/index.php?rest_route=\/wp\/v2\/types\/page"}],"author":[{"embeddable":true,"href":"https:\/\/hegyvidekiparkolas.hu\/index.php?rest_route=\/wp\/v2\/users\/1"}],"replies":[{"embeddable":true,"href":"https:\/\/hegyvidekiparkolas.hu\/index.php?rest_route=%2Fwp%2Fv2%2Fcomments&post=793"}],"version-history":[{"count":34,"href":"https:\/\/hegyvidekiparkolas.hu\/index.php?rest_route=\/wp\/v2\/pages\/793\/revisions"}],"predecessor-version":[{"id":13521,"href":"https:\/\/hegyvidekiparkolas.hu\/index.php?rest_route=\/wp\/v2\/pages\/793\/revisions\/13521"}],"wp:attachment":[{"href":"https:\/\/hegyvidekiparkolas.hu\/index.php?rest_route=%2Fwp%2Fv2%2Fmedia&parent=793"}],"curies":[{"name":"wp","href":"https:\/\/api.w.org\/{rel}","templated":true}]}}