{"id":79,"date":"2019-03-22T09:08:47","date_gmt":"2019-03-22T09:08:47","guid":{"rendered":"http:\/\/www2.hegyvidekiparkolas.hu\/?page_id=79"},"modified":"2022-03-30T13:22:04","modified_gmt":"2022-03-30T13:22:04","slug":"dokumentumok","status":"publish","type":"page","link":"https:\/\/hegyvidekiparkolas.hu\/?page_id=79","title":{"rendered":"\u00c1ll\u00e1slehet\u0151s\u00e9g"},"content":{"rendered":"","protected":false},"excerpt":{"rendered":"","protected":false},"author":1,"featured_media":0,"parent":0,"menu_order":0,"comment_status":"closed","ping_status":"closed","template":"","meta":{"_monsterinsights_skip_tracking":false,"_monsterinsights_sitenote_active":false,"_monsterinsights_sitenote_note":"","_monsterinsights_sitenote_category":0,"footnotes":""},"class_list":["post-79","page","type-page","status-publish","hentry"],"aioseo_notices":[],"_links":{"self":[{"href":"https:\/\/hegyvidekiparkolas.hu\/index.php?rest_route=\/wp\/v2\/pages\/79","targetHints":{"allow":["GET"]}}],"collection":[{"href":"https:\/\/hegyvidekiparkolas.hu\/index.php?rest_route=\/wp\/v2\/pages"}],"about":[{"href":"https:\/\/hegyvidekiparkolas.hu\/index.php?rest_route=\/wp\/v2\/types\/page"}],"author":[{"embeddable":true,"href":"https:\/\/hegyvidekiparkolas.hu\/index.php?rest_route=\/wp\/v2\/users\/1"}],"replies":[{"embeddable":true,"href":"https:\/\/hegyvidekiparkolas.hu\/index.php?rest_route=%2Fwp%2Fv2%2Fcomments&post=79"}],"version-history":[{"count":26,"href":"https:\/\/hegyvidekiparkolas.hu\/index.php?rest_route=\/wp\/v2\/pages\/79\/revisions"}],"predecessor-version":[{"id":1202,"href":"https:\/\/hegyvidekiparkolas.hu\/index.php?rest_route=\/wp\/v2\/pages\/79\/revisions\/1202"}],"wp:attachment":[{"href":"https:\/\/hegyvidekiparkolas.hu\/index.php?rest_route=%2Fwp%2Fv2%2Fmedia&parent=79"}],"curies":[{"name":"wp","href":"https:\/\/api.w.org\/{rel}","templated":true}]}}