{"id":75,"date":"2019-03-22T09:08:17","date_gmt":"2019-03-22T09:08:17","guid":{"rendered":"http:\/\/www2.hegyvidekiparkolas.hu\/?page_id=75"},"modified":"2023-01-24T12:31:34","modified_gmt":"2023-01-24T10:31:34","slug":"potdij-megfizetese","status":"publish","type":"page","link":"https:\/\/hegyvidekiparkolas.hu\/?page_id=75","title":{"rendered":"P\u00f3td\u00edj megfizet\u00e9se"},"content":{"rendered":"<h3 style=\"text-align: center;\"><strong>P\u00f3td\u00edj megfizet\u00e9se<\/strong><\/h3>\n<p><strong><span style=\"text-decoration: underline;\">A p\u00f3td\u00edj megfizethet\u0151:<\/span><\/strong><\/p>\n<ul>\n<li>k\u00e9szp\u00e9nz-\u00e1tutal\u00e1si megb\u00edz\u00e1ssal (helysz\u00edni s\u00e1rga csekk)<\/li>\n<li>banki \u00e1tutal\u00e1ssal<\/li>\n<li>belf\u00f6ldi postautalv\u00e1nyon (r\u00f3zsasz\u00edn csekk)<\/li>\n<li>p\u00e9nzt\u00e1r (<a href=\"https:\/\/hegyvidekiparkolas.hu\/?page_id=42\">szem\u00e9lyes \u00fcgyf\u00e9lszolg\u00e1lati irod\u00e1ban<\/a>)<\/li>\n<\/ul>\n<p><strong><span style=\"text-decoration: underline;\">Parkol\u00e1si p\u00f3td\u00edj sz\u00e1mla:<\/span><\/strong><\/p>\n<p><strong>Sz\u00e1mlavezet\u0151 bank: <\/strong>Raiffeisen Bank<br \/>\n<strong>Tulajdonos, kedvezm\u00e9nyezett:<\/strong> Budapest F\u0151v\u00e1ros XII. ker\u00fclet Hegyvid\u00e9ki \u00d6nkorm\u00e1nyzat<br \/>\n<strong>Sz\u00e1mlasz\u00e1m:<\/strong> 12001008-00155297-02500000<strong><br \/>\n<\/strong><strong>SWIFT k\u00f3d (BIC): <\/strong>UBRTHUHB<strong><br \/>\nIBAN: <\/strong>HU 89<\/p>\n<p>Banki \u00e1tutal\u00e1s, illetve belf\u00f6ldi postautalv\u00e1nyon val\u00f3 teljes\u00edt\u00e9skor a <span style=\"text-decoration: underline;\"><strong>k\u00f6zlem\u00e9ny rovatba<\/strong><\/span> k\u00e9rj\u00fck felt\u00fcntetni a <span style=\"text-decoration: underline;\"><strong>parkol\u00e1si esem\u00e9ny befizet\u0151 azonos\u00edt\u00f3 sz\u00e1m\u00e1t<\/strong><\/span> \u00e9s a g\u00e9pj\u00e1rm\u0171<span style=\"text-decoration: underline;\"> <strong>forgalmi rendsz\u00e1m\u00e1t<\/strong><\/span>! Ezek hi\u00e1ny\u00e1ban a teljes\u00edtett befizet\u00e9seket t\u00e1rsas\u00e1gunk nem tudja azonos\u00edtani.<\/p>\n","protected":false},"excerpt":{"rendered":"<p>P\u00f3td\u00edj&#46;&#46;&#46;<\/p>\n","protected":false},"author":1,"featured_media":0,"parent":0,"menu_order":0,"comment_status":"closed","ping_status":"closed","template":"","meta":{"_monsterinsights_skip_tracking":false,"_monsterinsights_sitenote_active":false,"_monsterinsights_sitenote_note":"","_monsterinsights_sitenote_category":0,"footnotes":""},"class_list":["post-75","page","type-page","status-publish","hentry"],"aioseo_notices":[],"_links":{"self":[{"href":"https:\/\/hegyvidekiparkolas.hu\/index.php?rest_route=\/wp\/v2\/pages\/75","targetHints":{"allow":["GET"]}}],"collection":[{"href":"https:\/\/hegyvidekiparkolas.hu\/index.php?rest_route=\/wp\/v2\/pages"}],"about":[{"href":"https:\/\/hegyvidekiparkolas.hu\/index.php?rest_route=\/wp\/v2\/types\/page"}],"author":[{"embeddable":true,"href":"https:\/\/hegyvidekiparkolas.hu\/index.php?rest_route=\/wp\/v2\/users\/1"}],"replies":[{"embeddable":true,"href":"https:\/\/hegyvidekiparkolas.hu\/index.php?rest_route=%2Fwp%2Fv2%2Fcomments&post=75"}],"version-history":[{"count":23,"href":"https:\/\/hegyvidekiparkolas.hu\/index.php?rest_route=\/wp\/v2\/pages\/75\/revisions"}],"predecessor-version":[{"id":1480,"href":"https:\/\/hegyvidekiparkolas.hu\/index.php?rest_route=\/wp\/v2\/pages\/75\/revisions\/1480"}],"wp:attachment":[{"href":"https:\/\/hegyvidekiparkolas.hu\/index.php?rest_route=%2Fwp%2Fv2%2Fmedia&parent=75"}],"curies":[{"name":"wp","href":"https:\/\/api.w.org\/{rel}","templated":true}]}}