{"id":63,"date":"2019-03-22T09:01:25","date_gmt":"2019-03-22T09:01:25","guid":{"rendered":"http:\/\/www2.hegyvidekiparkolas.hu\/?page_id=63"},"modified":"2021-11-15T08:53:17","modified_gmt":"2021-11-15T08:53:17","slug":"rakodas","status":"publish","type":"page","link":"https:\/\/hegyvidekiparkolas.hu\/?page_id=63","title":{"rendered":"Rakod\u00e1s"},"content":{"rendered":"<h3 style=\"text-align: center;\"><strong>Rakod\u00e1s, \u00e1rusz\u00e1ll\u00edt\u00e1s<\/strong><\/h3>\n<p>A KRESZ szerint a rakod\u00e1s nem min\u0151s\u00fcl v\u00e1rakoz\u00e1snak, \u00edgy a parkol\u00e1si d\u00edj megfizet\u00e9se nem el\u0151\u00edr\u00e1s. Azonban a rakod\u00e1s csak addig nem min\u0151s\u00fcl v\u00e1rakoz\u00e1snak, am\u00edg a rakod\u00e1s folyamatos, a parkol\u00e1si ellen\u0151r l\u00e1thatja az \u00e1ru mozg\u00e1s\u00e1t. A lez\u00e1rt v\u00e1rakoz\u00f3 helyeken hagyott rakod\u00f3 g\u00e9pj\u00e1rm\u0171 azonban m\u00e1r v\u00e1rakoz\u00f3 j\u00e1rm\u0171nek min\u0151s\u00fcl, \u00edgy parkol\u00e1si d\u00edj megfizet\u00e9s\u00e9re k\u00f6teles.<\/p>\n<p>Ez al\u00f3l kiv\u00e9tel az az eset mikor a szem\u00e9lyg\u00e9pj\u00e1rm\u0171 \u00e9s a teherg\u00e9pj\u00e1rm\u0171, \u00e1rusz\u00e1ll\u00edt\u00e1s v\u00e9gz\u00e9s\u00e9re szolg\u00e1l\u00f3, f\u0151polg\u00e1rmester \u00e1ltal kiadott rakod\u00f3t\u00e1rcs\u00e1t alkalmaz. Ekkor 10 \u00e9s 17 \u00f3ra k\u00f6z\u00f6tti id\u0151tartamon bel\u00fcl, legfeljebb 20 perc id\u0151tartamban nem kell v\u00e1rakoz\u00e1si d\u00edjat fizetni. A v\u00e1rakoz\u00e1s megkezd\u00e9s\u00e9nek id\u0151pontj\u00e1t a g\u00e9pj\u00e1rm\u0171 els\u0151 sz\u00e9lv\u00e9d\u0151 \u00fcvege m\u00f6g\u00f6tt elhelyezett rakod\u00f3 t\u00e1rcs\u00e1val kell jelezni. (Budapest F\u0151v\u00e1ros K\u00f6zgy\u0171l\u00e9s\u00e9nek 30\/2010. (VI.4) \u00f6nkorm\u00e1nyzati rendelete)<\/p>\n<p><strong>A rakod\u00f3t\u00e1rcsa\u00a0<\/strong>(rendsz\u00e1mmal ell\u00e1tott)<strong>\u00a0v\u00e1rakoz\u00e1si \u00f6vezetekben l\u00e9v\u0151 k\u00f6z\u00fati v\u00e1rakoz\u00f3helyeken 10 \u00e9s 17 \u00f3ra k\u00f6z\u00f6tt legfeljebb 20 perc id\u0151tartam\u00fa d\u00edjfizet\u00e9s n\u00e9lk\u00fcli v\u00e1rakoz\u00e1st tesz lehet\u0151v\u00e9 a teherg\u00e9pj\u00e1rm\u0171vek r\u00e9sz\u00e9re.<\/strong>\u00a0A rakod\u00f3t\u00e1rcsa \u00e1ra 1600 Ft (+ 27 % \u00c1FA). A rakod\u00f3t\u00e1rcs\u00e1t a BKK \u00fcgyf\u00e9lszolg\u00e1lat\u00e1n a g\u00e9pj\u00e1rm\u0171 forgalmi enged\u00e9lye alapj\u00e1n, k\u00e9relemre \u00e1ll\u00edtj\u00e1k ki a k\u00f6lts\u00e9gt\u00e9r\u00edt\u00e9s megfizet\u00e9se ut\u00e1n, melyet a megrong\u00e1l\u00f3dott, elveszett, ellopott, illetve megsemmis\u00fclt t\u00e1rcsa p\u00f3tl\u00e1sakor is ki kell egyenl\u00edteni.<\/p>\n<p>Az ig\u00e9nyl\u0151lap \u00e9s a forgalmi enged\u00e9ly m\u00e1solata leadhat\u00f3 a\u00a0teherforgalom@bkk.hu\u00a0c\u00edmen, a +36 1 235-1040-es faxsz\u00e1mon, vagy szem\u00e9lyesen a Budapest VII. Rumbach Sebesty\u00e9n utca 19-21. sz\u00e1m alatt tal\u00e1lhat\u00f3 \u00fcgyf\u00e9lszolg\u00e1lat\u00e1n.<\/p>\n<p><strong><a href=\"https:\/\/www.budapestkozut.hu\/teherforgalom\/rakodotarcsak\/varakozasi-ovezetben-ervenyes-rakodotarcsa\/\">BKK honlapja<\/a> &#8211; <\/strong>V\u00e1rakoz\u00e1si \u00f6vezetben \u00e9rv\u00e9nyes rakod\u00f3t\u00e1rcsa<\/p>\n<p><strong>A rakod\u00f3t\u00e1rcsa d\u00edja \u00e9s kiv\u00e1lt\u00e1sa<br \/>\n<\/strong>A rakod\u00f3t\u00e1rcs\u00e1t a g\u00e9pj\u00e1rm\u0171 forgalmi enged\u00e9lye alapj\u00e1n \u00e1ll\u00edtj\u00e1k ki a <strong>BKK munkat\u00e1rsai<\/strong> a <a href=\"https:\/\/www.budapestkozut.hu\/teherforgalom\/rakodotarcsak\/varakozasi-ovezetben-ervenyes-rakodotarcsa\/\"><strong>BKK \u00fcgyf\u00e9lszolg\u00e1lati irod\u00e1j\u00e1n<\/strong><\/a>. A k\u00f6lts\u00e9gt\u00e9r\u00edt\u00e9si d\u00edj nett\u00f3 1600 forint, melyet a megrong\u00e1l\u00f3dott, elveszett, ellopott, illetve megsemmis\u00fclt rakod\u00f3t\u00e1rcsa p\u00f3tl\u00e1sakor is ki kell egyenl\u00edteni.<\/p>\n<p><strong>A rakod\u00f3t\u00e1rcsa haszn\u00e1lata<br \/>\n<\/strong>A rakod\u00f3t\u00e1rcsa az etiketten olvashat\u00f3 forgalmi rendsz\u00e1m\u00fa j\u00e1rm\u0171re \u00e9rv\u00e9nyes, nem sokszoros\u00edthat\u00f3. A t\u00e1rcs\u00e1n a v\u00e1rakoz\u00e1s megkezd\u00e9s\u00e9nek id\u0151pontj\u00e1t kell jelezni. A t\u00e1rcs\u00e1t az els\u0151 sz\u00e9lv\u00e9d\u0151 m\u00f6g\u00f6tt teljes eg\u00e9sz\u00e9ben j\u00f3l l\u00e1that\u00f3an \u00e9s olvashat\u00f3an kell elhelyezni. Jelz\u00e9s\u00e9t kiz\u00e1r\u00f3lag abban az esetben lehet megv\u00e1ltoztatni, ha a g\u00e9pj\u00e1rm\u0171 elhagyja a parkol\u00f3helyet.<\/p>\n<p>A rakod\u00f3t\u00e1rcsa jelz\u00e9s\u00e9t a k\u00f6zter\u00fcleti v\u00e1rakoz\u00f3helyek \u00fczemeltet\u0151i ellen\u0151rzik. A parkol\u00f3\u0151r p\u00f3td\u00edjat szab ki abban az esetben, ha letelt a d\u00edjmentes id\u0151tartam \u00e9s nincs \u00e9rv\u00e9nyes parkol\u00f3jegy, illetve mobilfizet\u00e9s.<\/p>\n<p>&nbsp;<\/p>\n","protected":false},"excerpt":{"rendered":"<p>Rakod\u00e1s,&#46;&#46;&#46;<\/p>\n","protected":false},"author":1,"featured_media":0,"parent":0,"menu_order":0,"comment_status":"closed","ping_status":"closed","template":"","meta":{"_monsterinsights_skip_tracking":false,"_monsterinsights_sitenote_active":false,"_monsterinsights_sitenote_note":"","_monsterinsights_sitenote_category":0,"footnotes":""},"class_list":["post-63","page","type-page","status-publish","hentry"],"aioseo_notices":[],"_links":{"self":[{"href":"https:\/\/hegyvidekiparkolas.hu\/index.php?rest_route=\/wp\/v2\/pages\/63","targetHints":{"allow":["GET"]}}],"collection":[{"href":"https:\/\/hegyvidekiparkolas.hu\/index.php?rest_route=\/wp\/v2\/pages"}],"about":[{"href":"https:\/\/hegyvidekiparkolas.hu\/index.php?rest_route=\/wp\/v2\/types\/page"}],"author":[{"embeddable":true,"href":"https:\/\/hegyvidekiparkolas.hu\/index.php?rest_route=\/wp\/v2\/users\/1"}],"replies":[{"embeddable":true,"href":"https:\/\/hegyvidekiparkolas.hu\/index.php?rest_route=%2Fwp%2Fv2%2Fcomments&post=63"}],"version-history":[{"count":19,"href":"https:\/\/hegyvidekiparkolas.hu\/index.php?rest_route=\/wp\/v2\/pages\/63\/revisions"}],"predecessor-version":[{"id":926,"href":"https:\/\/hegyvidekiparkolas.hu\/index.php?rest_route=\/wp\/v2\/pages\/63\/revisions\/926"}],"wp:attachment":[{"href":"https:\/\/hegyvidekiparkolas.hu\/index.php?rest_route=%2Fwp%2Fv2%2Fmedia&parent=63"}],"curies":[{"name":"wp","href":"https:\/\/api.w.org\/{rel}","templated":true}]}}