{"id":57,"date":"2019-03-22T09:00:00","date_gmt":"2019-03-22T09:00:00","guid":{"rendered":"http:\/\/www2.hegyvidekiparkolas.hu\/?page_id=57"},"modified":"2022-11-18T10:25:02","modified_gmt":"2022-11-18T08:25:02","slug":"parkolasi-dijak-potdijak","status":"publish","type":"page","link":"https:\/\/hegyvidekiparkolas.hu\/?page_id=57","title":{"rendered":"Parkol\u00e1si d\u00edjak- p\u00f3td\u00edjak"},"content":{"rendered":"<h3 style=\"text-align: center;\"><strong>Parkol\u00e1si d\u00edjak- p\u00f3td\u00edjak<\/strong><\/h3>\n<p style=\"text-align: center;\">A p\u00f3td\u00edjak sz\u00e1m\u00edt\u00e1sa az <a href=\"https:\/\/net.jogtar.hu\/jogszabaly?docid=98800001.TV\"><strong>1988. \u00e9vi I. t\u00f6rv\u00e9ny a k\u00f6z\u00fati k\u00f6zleked\u00e9sr\u0151l<\/strong><\/a> sz\u00f3l\u00f3 t\u00f6rv\u00e9ny alapj\u00e1n:<\/p>\n<p style=\"text-align: center;\"><i class=\"fas fa-car\"><\/i> &#8211; <strong>Szem\u00e9lyg\u00e9pj\u00e1rm\u0171vek eset\u00e9n<\/strong> (3,5t alatt)<\/p>\n<table style=\"height: 152px;\" width=\"1379\">\n<tbody>\n<tr>\n<td style=\"text-align: center;\" colspan=\"3\" width=\"248\"><strong>\u00dczemid\u0151<\/strong><\/td>\n<td style=\"text-align: center;\" colspan=\"2\" width=\"370\"><span style=\"color: #800080;\"><strong>08<sup>00<\/sup>-20<sup>00<\/sup><\/strong><\/span><\/td>\n<td style=\"text-align: center;\" colspan=\"2\" width=\"370\"><span style=\"color: #ff6600;\"><strong>08<sup>00<\/sup>-22<sup>00<\/sup><\/strong><\/span><\/td>\n<\/tr>\n<tr>\n<td style=\"text-align: center;\"><strong>D\u00edjt\u00e9tel<br \/>\n(z\u00f3na)<\/strong><\/td>\n<td style=\"text-align: center;\"><strong>Id\u0151korl\u00e1t<\/strong><\/td>\n<td style=\"text-align: center;\"><strong>V\u00e1rakoz\u00e1si d\u00edj\/\u00f3ra<\/strong><\/td>\n<td style=\"text-align: center;\"><strong>15 napt\u00e1ri napon bel\u00fcli p\u00f3td\u00edj<\/strong><\/td>\n<td style=\"text-align: center;\"><strong>15 napt\u00e1ri napon t\u00fali p\u00f3td\u00edj<\/strong><\/td>\n<td style=\"text-align: center;\"><strong>15 napt\u00e1ri napon bel\u00fcli p\u00f3td\u00edj<\/strong><\/td>\n<td style=\"text-align: center;\"><strong>15 napt\u00e1ri napon t\u00fali p\u00f3td\u00edj<\/strong><\/td>\n<\/tr>\n<tr>\n<td colspan=\"3\"><\/td>\n<td style=\"text-align: center;\"><\/td>\n<td style=\"text-align: center;\"><\/td>\n<td style=\"text-align: center;\"><\/td>\n<td style=\"text-align: center;\"><\/td>\n<\/tr>\n<tr>\n<td style=\"text-align: center;\"><span style=\"color: #ff6600;\"><b>A<\/b><\/span><\/td>\n<td style=\"text-align: center;\">3 \u00f3ra<\/td>\n<td style=\"text-align: center;\">600 Ft<\/td>\n<td style=\"text-align: center;\"><strong>&#8211;<\/strong><\/td>\n<td style=\"text-align: center;\"><strong>&#8211;<\/strong><\/td>\n<td style=\"text-align: center;\">10 200 Ft<\/td>\n<td style=\"text-align: center;\">24 600 FT<\/td>\n<\/tr>\n<tr>\n<td style=\"text-align: center;\"><span style=\"color: #800080;\"><strong>B<\/strong><\/span><\/td>\n<td style=\"text-align: center;\">3 \u00f3ra<\/td>\n<td style=\"text-align: center;\">450 Ft<\/td>\n<td style=\"text-align: center;\">6750 Ft<\/td>\n<td style=\"text-align: center;\">18 450 Ft<\/td>\n<td style=\"text-align: center;\"><strong>&#8211;<\/strong><\/td>\n<td style=\"text-align: center;\"><strong>&#8211;<\/strong><\/td>\n<\/tr>\n<\/tbody>\n<\/table>\n<hr \/>\n<p style=\"text-align: center;\"><i class=\"fas fa-truck\"><\/i> &#8211; <strong>Teherg\u00e9pj\u00e1rm\u0171vek<\/strong> eset\u00e9n (3,5t felett)<\/p>\n<table style=\"height: 152px;\" width=\"1379\">\n<tbody>\n<tr>\n<td style=\"text-align: center;\" colspan=\"3\" width=\"248\"><strong>\u00dczemid\u0151<\/strong><\/td>\n<td style=\"text-align: center;\" colspan=\"2\" width=\"370\"><span style=\"color: #800080;\"><strong>08<sup>00<\/sup>-20<sup>00<\/sup><\/strong><\/span><\/td>\n<td style=\"text-align: center;\" colspan=\"2\" width=\"370\"><span style=\"color: #ff6600;\"><strong>08<sup>00<\/sup>-22<sup>00<\/sup><\/strong><\/span><\/td>\n<\/tr>\n<tr>\n<td style=\"text-align: center;\"><strong>D\u00edjt\u00e9tel<br \/>\n(z\u00f3na)<\/strong><\/td>\n<td style=\"text-align: center;\"><strong>Id\u0151korl\u00e1t<\/strong><\/td>\n<td style=\"text-align: center;\"><strong>V\u00e1rakoz\u00e1si d\u00edj\/\u00f3ra<\/strong><\/td>\n<td style=\"text-align: center;\"><strong>15 napt\u00e1ri napon bel\u00fcli p\u00f3td\u00edj<\/strong><\/td>\n<td style=\"text-align: center;\"><strong>15 napt\u00e1ri napon t\u00fali p\u00f3td\u00edj<\/strong><\/td>\n<td style=\"text-align: center;\"><strong>15 napt\u00e1ri napon bel\u00fcli p\u00f3td\u00edj<\/strong><\/td>\n<td style=\"text-align: center;\"><strong>15 napt\u00e1ri napon t\u00fali p\u00f3td\u00edj<\/strong><\/td>\n<\/tr>\n<tr>\n<td colspan=\"3\"><\/td>\n<td style=\"text-align: center;\"><\/td>\n<td style=\"text-align: center;\"><\/td>\n<td style=\"text-align: center;\"><\/td>\n<td style=\"text-align: center;\"><\/td>\n<\/tr>\n<tr>\n<td style=\"text-align: center;\"><span style=\"color: #ff6600;\"><b>A<\/b><\/span><\/td>\n<td style=\"text-align: center;\">3 \u00f3ra<\/td>\n<td style=\"text-align: center;\">1800 Ft<\/td>\n<td style=\"text-align: center;\"><strong>&#8211;<\/strong><\/td>\n<td style=\"text-align: center;\"><strong>&#8211;<\/strong><\/td>\n<td style=\"text-align: center;\">30600 Ft<\/td>\n<td style=\"text-align: center;\">73800 FT<\/td>\n<\/tr>\n<tr>\n<td style=\"text-align: center;\"><span style=\"color: #800080;\"><strong>B<\/strong><\/span><\/td>\n<td style=\"text-align: center;\">3 \u00f3ra<\/td>\n<td style=\"text-align: center;\">1350 Ft<\/td>\n<td style=\"text-align: center;\">20250 Ft<\/td>\n<td style=\"text-align: center;\">55350 Ft<\/td>\n<td style=\"text-align: center;\"><strong>&#8211;<\/strong><\/td>\n<td style=\"text-align: center;\"><strong>&#8211;<\/strong><\/td>\n<\/tr>\n<\/tbody>\n<\/table>\n<p><strong>\u00c9rv\u00e9nyes: 2022.09.05-t\u0151l.<\/strong><\/p>\n<p>&nbsp;<\/p>\n","protected":false},"excerpt":{"rendered":"<p>Parkol\u00e1si&#46;&#46;&#46;<\/p>\n","protected":false},"author":1,"featured_media":0,"parent":0,"menu_order":0,"comment_status":"closed","ping_status":"closed","template":"","meta":{"_monsterinsights_skip_tracking":false,"_monsterinsights_sitenote_active":false,"_monsterinsights_sitenote_note":"","_monsterinsights_sitenote_category":0,"footnotes":""},"class_list":["post-57","page","type-page","status-publish","hentry"],"aioseo_notices":[],"_links":{"self":[{"href":"https:\/\/hegyvidekiparkolas.hu\/index.php?rest_route=\/wp\/v2\/pages\/57","targetHints":{"allow":["GET"]}}],"collection":[{"href":"https:\/\/hegyvidekiparkolas.hu\/index.php?rest_route=\/wp\/v2\/pages"}],"about":[{"href":"https:\/\/hegyvidekiparkolas.hu\/index.php?rest_route=\/wp\/v2\/types\/page"}],"author":[{"embeddable":true,"href":"https:\/\/hegyvidekiparkolas.hu\/index.php?rest_route=\/wp\/v2\/users\/1"}],"replies":[{"embeddable":true,"href":"https:\/\/hegyvidekiparkolas.hu\/index.php?rest_route=%2Fwp%2Fv2%2Fcomments&post=57"}],"version-history":[{"count":49,"href":"https:\/\/hegyvidekiparkolas.hu\/index.php?rest_route=\/wp\/v2\/pages\/57\/revisions"}],"predecessor-version":[{"id":1435,"href":"https:\/\/hegyvidekiparkolas.hu\/index.php?rest_route=\/wp\/v2\/pages\/57\/revisions\/1435"}],"wp:attachment":[{"href":"https:\/\/hegyvidekiparkolas.hu\/index.php?rest_route=%2Fwp%2Fv2%2Fmedia&parent=57"}],"curies":[{"name":"wp","href":"https:\/\/api.w.org\/{rel}","templated":true}]}}