{"id":42,"date":"2024-12-23T10:33:15","date_gmt":"2024-12-23T08:33:15","guid":{"rendered":"http:\/\/www2.hegyvidekiparkolas.hu\/?page_id=42"},"modified":"2025-01-06T16:03:34","modified_gmt":"2025-01-06T14:03:34","slug":"ugyfelszolgalat","status":"publish","type":"page","link":"https:\/\/hegyvidekiparkolas.hu\/?page_id=42","title":{"rendered":"\u00dcgyint\u00e9z\u00e9s"},"content":{"rendered":"","protected":false},"excerpt":{"rendered":"","protected":false},"author":1,"featured_media":0,"parent":0,"menu_order":0,"comment_status":"closed","ping_status":"open","template":"","meta":{"_monsterinsights_skip_tracking":false,"_monsterinsights_sitenote_active":false,"_monsterinsights_sitenote_note":"","_monsterinsights_sitenote_category":0,"footnotes":""},"class_list":["post-42","page","type-page","status-publish","hentry"],"aioseo_notices":[],"_links":{"self":[{"href":"https:\/\/hegyvidekiparkolas.hu\/index.php?rest_route=\/wp\/v2\/pages\/42","targetHints":{"allow":["GET"]}}],"collection":[{"href":"https:\/\/hegyvidekiparkolas.hu\/index.php?rest_route=\/wp\/v2\/pages"}],"about":[{"href":"https:\/\/hegyvidekiparkolas.hu\/index.php?rest_route=\/wp\/v2\/types\/page"}],"author":[{"embeddable":true,"href":"https:\/\/hegyvidekiparkolas.hu\/index.php?rest_route=\/wp\/v2\/users\/1"}],"replies":[{"embeddable":true,"href":"https:\/\/hegyvidekiparkolas.hu\/index.php?rest_route=%2Fwp%2Fv2%2Fcomments&post=42"}],"version-history":[{"count":65,"href":"https:\/\/hegyvidekiparkolas.hu\/index.php?rest_route=\/wp\/v2\/pages\/42\/revisions"}],"predecessor-version":[{"id":2307,"href":"https:\/\/hegyvidekiparkolas.hu\/index.php?rest_route=\/wp\/v2\/pages\/42\/revisions\/2307"}],"wp:attachment":[{"href":"https:\/\/hegyvidekiparkolas.hu\/index.php?rest_route=%2Fwp%2Fv2%2Fmedia&parent=42"}],"curies":[{"name":"wp","href":"https:\/\/api.w.org\/{rel}","templated":true}]}}