{"id":359,"date":"2024-12-23T10:32:34","date_gmt":"2024-12-23T08:32:34","guid":{"rendered":"http:\/\/www2.hegyvidekiparkolas.hu\/?page_id=359"},"modified":"2024-12-23T11:31:29","modified_gmt":"2024-12-23T09:31:29","slug":"mozgasserultek-parkolasa","status":"publish","type":"page","link":"https:\/\/hegyvidekiparkolas.hu\/?page_id=359","title":{"rendered":"Mozg\u00e1ss\u00e9r\u00fcltek parkol\u00e1sa"},"content":{"rendered":"<h3 style=\"text-align: center;\"><strong>Mozg\u00e1ss\u00e9r\u00fcltek parkol\u00e1sa<\/strong><\/h3>\n<p>A <strong>30\/2010. (VI. 4.) F\u0151v. Kgy. rendelet<\/strong> Budapest f\u0151v\u00e1ros k\u00f6zigazgat\u00e1si ter\u00fclet\u00e9n a j\u00e1rm\u0171vel v\u00e1rakoz\u00e1s rendj\u00e9nek egys\u00e9ges kialak\u00edt\u00e1s\u00e1r\u00f3l, a v\u00e1rakoz\u00e1s d\u00edj\u00e1r\u00f3l \u00e9s az \u00fczemk\u00e9ptelen j\u00e1rm\u0171vek t\u00e1rol\u00e1s\u00e1nak szab\u00e1lyoz\u00e1s\u00e1r\u00f3l sz\u00f3l\u00f3 rendelet lehet\u0151s\u00e9get biztos\u00edt a mozg\u00e1skorl\u00e1tozott igazolv\u00e1ny ut\u00f3lagos bemutat\u00e1s\u00e1ra.<\/p>\n<ul>\n<li>A g\u00e9pj\u00e1rm\u0171 \u00fczemben tart\u00f3ja mentes\u00fcl a k\u00fcl\u00f6n jogszab\u00e1lyban meghat\u00e1rozott egy\u00f3rai v\u00e1rakoz\u00e1si d\u00edj \u00e9s p\u00f3td\u00edj megfizet\u00e9se al\u00f3l, ha a v\u00e1rakoz\u00e1s megkezd\u00e9sekor a mozg\u00e1s\u00e1ban korl\u00e1tozott szem\u00e9ly eredeti \u00e9s \u00e9rv\u00e9nyes parkol\u00e1si igazolv\u00e1ny\u00e1t a g\u00e9pj\u00e1rm\u0171 els\u0151 sz\u00e9lv\u00e9d\u0151je m\u00f6g\u00f6tt elhelyezte, de el\u0151lapja az \u00e9rv\u00e9nyess\u00e9g \u00e9s a jogosults\u00e1g ellen\u0151rz\u00e9se c\u00e9lj\u00e1b\u00f3l nem teljes eg\u00e9sz\u00e9ben l\u00e1that\u00f3, vagy azt h\u00e1tlappal felfel\u00e9 helyezte el.<\/li>\n<\/ul>\n<p style=\"text-align: center;\">A mozg\u00e1skorl\u00e1tozottak r\u00e9sz\u00e9re ki\u00e1ll\u00edtott parkol\u00e1si igazolv\u00e1nyokr\u00f3l b\u0151vebb inform\u00e1ci\u00f3t az illet\u00e9kes korm\u00e1nyablak <strong><a href=\"http:\/\/kormanyablak.hu\/hu\/feladatkorok\/75\/OKMIR00037\">honlapj\u00e1n<\/a><\/strong> tal\u00e1l.<\/p>\n<p>&nbsp;<\/p>\n","protected":false},"excerpt":{"rendered":"<p>Mozg\u00e1ss\u00e9r\u00fcltek&#46;&#46;&#46;<\/p>\n","protected":false},"author":1,"featured_media":727,"parent":0,"menu_order":0,"comment_status":"closed","ping_status":"closed","template":"","meta":{"_monsterinsights_skip_tracking":false,"_monsterinsights_sitenote_active":false,"_monsterinsights_sitenote_note":"","_monsterinsights_sitenote_category":0,"footnotes":""},"class_list":["post-359","page","type-page","status-publish","has-post-thumbnail","hentry"],"aioseo_notices":[],"_links":{"self":[{"href":"https:\/\/hegyvidekiparkolas.hu\/index.php?rest_route=\/wp\/v2\/pages\/359","targetHints":{"allow":["GET"]}}],"collection":[{"href":"https:\/\/hegyvidekiparkolas.hu\/index.php?rest_route=\/wp\/v2\/pages"}],"about":[{"href":"https:\/\/hegyvidekiparkolas.hu\/index.php?rest_route=\/wp\/v2\/types\/page"}],"author":[{"embeddable":true,"href":"https:\/\/hegyvidekiparkolas.hu\/index.php?rest_route=\/wp\/v2\/users\/1"}],"replies":[{"embeddable":true,"href":"https:\/\/hegyvidekiparkolas.hu\/index.php?rest_route=%2Fwp%2Fv2%2Fcomments&post=359"}],"version-history":[{"count":10,"href":"https:\/\/hegyvidekiparkolas.hu\/index.php?rest_route=\/wp\/v2\/pages\/359\/revisions"}],"predecessor-version":[{"id":2287,"href":"https:\/\/hegyvidekiparkolas.hu\/index.php?rest_route=\/wp\/v2\/pages\/359\/revisions\/2287"}],"wp:featuredmedia":[{"embeddable":true,"href":"https:\/\/hegyvidekiparkolas.hu\/index.php?rest_route=\/wp\/v2\/media\/727"}],"wp:attachment":[{"href":"https:\/\/hegyvidekiparkolas.hu\/index.php?rest_route=%2Fwp%2Fv2%2Fmedia&parent=359"}],"curies":[{"name":"wp","href":"https:\/\/api.w.org\/{rel}","templated":true}]}}