{"id":258,"date":"2019-03-25T10:07:09","date_gmt":"2019-03-25T10:07:09","guid":{"rendered":"http:\/\/www2.hegyvidekiparkolas.hu\/?page_id=258"},"modified":"2025-06-16T13:24:49","modified_gmt":"2025-06-16T11:24:49","slug":"adatkezeles","status":"publish","type":"page","link":"https:\/\/hegyvidekiparkolas.hu\/?page_id=258","title":{"rendered":"Adatkezel\u00e9s"},"content":{"rendered":"<h5 style=\"text-align: center;\"><strong>Hat\u00e1lyos adatkezel\u00e9si t\u00e1j\u00e9koztat\u00f3k (2025.06.16-t\u00f3l)<\/strong><\/h5>\n<ul>\n<li>Adatkezel\u00e9si ta\u0301je\u0301koztat\u00f3 &#8211; <strong><a href=\"https:\/\/hegyvidekiparkolas.hu\/wp-content\/uploads\/2025\/06\/Adatkezelesi%20tajekoztato_honlap_hegyvidekiparkolas.pdf\" target=\"_blank\" rel=\"noopener\">Megtekint\u00e9s<\/a><\/strong><\/li>\n<li>Adatkezele\u0301si ta\u0301je\u0301koztat\u00f3 &#8211; <a href=\"https:\/\/hegyvidekiparkolas.hu\/wp-content\/uploads\/2025\/06\/adatkezelesi_tajekoztato_parkolasuzemeltetes.pdf\"><strong>Parkola\u0301su\u0308zemeltete\u0301s<\/strong><\/a><\/li>\n<li>Adatkezele\u0301si ta\u0301je\u0301koztat\u00f3 &#8211; <a href=\"https:\/\/hegyvidekiparkolas.hu\/wp-content\/uploads\/2025\/06\/adatkezelesi_tajekoztato_tarsashazkezeles.pdf\"><strong>T\u00e1rsash\u00e1zkezel\u00e9s<\/strong><\/a><\/li>\n<\/ul>\n<p>&nbsp;<\/p>\n<h5 style=\"text-align: center;\"><strong>Hat\u00e1lyon k\u00edv\u00fcli adatkezel\u00e9si t\u00e1j\u00e9koztat\u00f3k (2025.06.16-ig)<\/strong><\/h5>\n<ul>\n<li>Adatkezel\u00e9si t\u00e1j\u00e9koztat\u00f3 &#8211; <a href=\"https:\/\/hegyvidekiparkolas.hu\/wp-content\/uploads\/2024\/11\/Adatkezel\u00e9si%20t\u00e1j\u00e9koztat\u00f3.pdf\"><strong>Megtekint\u00e9s<\/strong><\/a><\/li>\n<li>Adatkezel\u00e9si t\u00e1j\u00e9koztat\u00f3 &#8211; Parkol\u00e1si ellen\u0151r (\u00e1ll\u00e1sra val\u00f3 jelentkez\u00e9s) &#8211; <a href=\"https:\/\/hegyvidekiparkolas.hu\/wp-content\/uploads\/2019\/04\/F\u00e1ber_Adatkezel\u00e9si-t\u00e1j\u00e9koztat\u00f3_Parkol\u00e1si-ellen\u0151r_20181218_V\u00c9GLEGES.pdf\"><strong>Megtekint\u00e9s<\/strong><\/a><\/li>\n<\/ul>\n","protected":false},"excerpt":{"rendered":"<p>Hat\u00e1lyos&#46;&#46;&#46;<\/p>\n","protected":false},"author":1,"featured_media":0,"parent":0,"menu_order":0,"comment_status":"closed","ping_status":"closed","template":"","meta":{"_monsterinsights_skip_tracking":false,"_monsterinsights_sitenote_active":false,"_monsterinsights_sitenote_note":"","_monsterinsights_sitenote_category":0,"footnotes":""},"class_list":["post-258","page","type-page","status-publish","hentry"],"aioseo_notices":[],"_links":{"self":[{"href":"https:\/\/hegyvidekiparkolas.hu\/index.php?rest_route=\/wp\/v2\/pages\/258","targetHints":{"allow":["GET"]}}],"collection":[{"href":"https:\/\/hegyvidekiparkolas.hu\/index.php?rest_route=\/wp\/v2\/pages"}],"about":[{"href":"https:\/\/hegyvidekiparkolas.hu\/index.php?rest_route=\/wp\/v2\/types\/page"}],"author":[{"embeddable":true,"href":"https:\/\/hegyvidekiparkolas.hu\/index.php?rest_route=\/wp\/v2\/users\/1"}],"replies":[{"embeddable":true,"href":"https:\/\/hegyvidekiparkolas.hu\/index.php?rest_route=%2Fwp%2Fv2%2Fcomments&post=258"}],"version-history":[{"count":32,"href":"https:\/\/hegyvidekiparkolas.hu\/index.php?rest_route=\/wp\/v2\/pages\/258\/revisions"}],"predecessor-version":[{"id":2414,"href":"https:\/\/hegyvidekiparkolas.hu\/index.php?rest_route=\/wp\/v2\/pages\/258\/revisions\/2414"}],"wp:attachment":[{"href":"https:\/\/hegyvidekiparkolas.hu\/index.php?rest_route=%2Fwp%2Fv2%2Fmedia&parent=258"}],"curies":[{"name":"wp","href":"https:\/\/api.w.org\/{rel}","templated":true}]}}