{"id":1551,"date":"2023-03-13T10:37:58","date_gmt":"2023-03-13T08:37:58","guid":{"rendered":"https:\/\/hegyvidekiparkolas.hu\/?page_id=1551"},"modified":"2023-03-13T10:37:58","modified_gmt":"2023-03-13T08:37:58","slug":"thoman-tamasi-parkolo","status":"publish","type":"page","link":"https:\/\/hegyvidekiparkolas.hu\/?page_id=1551","title":{"rendered":"Thom\u00e1n &#8211; Tam\u00e1si &#8211; parkol\u00f3"},"content":{"rendered":"","protected":false},"excerpt":{"rendered":"","protected":false},"author":1,"featured_media":0,"parent":0,"menu_order":0,"comment_status":"closed","ping_status":"closed","template":"","meta":{"_monsterinsights_skip_tracking":false,"_monsterinsights_sitenote_active":false,"_monsterinsights_sitenote_note":"","_monsterinsights_sitenote_category":0,"footnotes":""},"class_list":["post-1551","page","type-page","status-publish","hentry"],"aioseo_notices":[],"_links":{"self":[{"href":"https:\/\/hegyvidekiparkolas.hu\/index.php?rest_route=\/wp\/v2\/pages\/1551","targetHints":{"allow":["GET"]}}],"collection":[{"href":"https:\/\/hegyvidekiparkolas.hu\/index.php?rest_route=\/wp\/v2\/pages"}],"about":[{"href":"https:\/\/hegyvidekiparkolas.hu\/index.php?rest_route=\/wp\/v2\/types\/page"}],"author":[{"embeddable":true,"href":"https:\/\/hegyvidekiparkolas.hu\/index.php?rest_route=\/wp\/v2\/users\/1"}],"replies":[{"embeddable":true,"href":"https:\/\/hegyvidekiparkolas.hu\/index.php?rest_route=%2Fwp%2Fv2%2Fcomments&post=1551"}],"version-history":[{"count":1,"href":"https:\/\/hegyvidekiparkolas.hu\/index.php?rest_route=\/wp\/v2\/pages\/1551\/revisions"}],"predecessor-version":[{"id":1565,"href":"https:\/\/hegyvidekiparkolas.hu\/index.php?rest_route=\/wp\/v2\/pages\/1551\/revisions\/1565"}],"wp:attachment":[{"href":"https:\/\/hegyvidekiparkolas.hu\/index.php?rest_route=%2Fwp%2Fv2%2Fmedia&parent=1551"}],"curies":[{"name":"wp","href":"https:\/\/api.w.org\/{rel}","templated":true}]}}